{"id":117,"date":"2023-08-18T19:46:43","date_gmt":"2023-08-18T17:46:43","guid":{"rendered":"https:\/\/stephaniemoreira-sagefemme.fr\/?page_id=117"},"modified":"2023-09-03T13:39:36","modified_gmt":"2023-09-03T11:39:36","slug":"mes-competences","status":"publish","type":"page","link":"https:\/\/stephaniemoreira-sagefemme.fr\/index.php\/mes-competences\/","title":{"rendered":"Mes comp\u00e9tences"},"content":{"rendered":"\t\t<div data-elementor-type=\"wp-page\" data-elementor-id=\"117\" class=\"elementor elementor-117\">\n\t\t\t\t\t\t<section class=\"elementor-section elementor-top-section elementor-element elementor-element-5a08d978 elementor-section-boxed elementor-section-height-default elementor-section-height-default\" data-id=\"5a08d978\" data-element_type=\"section\">\n\t\t\t\t\t\t<div class=\"elementor-container elementor-column-gap-default\">\n\t\t\t\t\t<div class=\"elementor-column elementor-col-100 elementor-top-column elementor-element elementor-element-56902b79\" data-id=\"56902b79\" data-element_type=\"column\">\n\t\t\t<div class=\"elementor-widget-wrap elementor-element-populated\">\n\t\t\t\t\t\t<div class=\"elementor-element elementor-element-4c5b56bf elementor-widget elementor-widget-text-editor\" data-id=\"4c5b56bf\" data-element_type=\"widget\" data-widget_type=\"text-editor.default\">\n\t\t\t\t<div class=\"elementor-widget-container\">\n\t\t\t\t\t\t\t\t\t<p>\u00a0<\/p>\n\n<h4><span style=\"color: #ff917b;\">D\u00e9sir d&#8217;enfant, pr\u00e9paration \u00e0 la naissance, retour de la maternit\u00e9, retour \u00e0 la contraception, suivi gyn\u00e9cologique&#8230; Votre sage-femme est votre interlocuteur privil\u00e9gi\u00e9 tout au long de votre vie de femme.<\/span><\/h4>\n<h4><span style=\"color: #ff917b;\"><\/span><\/h4>\n<h4><span style=\"color: #ff917b;\">Je vous accueille pour :<\/span><\/h4>\n<h4><span style=\"color: #ff917b;\"><\/span><\/h4>\n<ul class=\"wp-block-list\">\n<li>\n<h4><span style=\"color: #ff917b;\">les consultations pr\u00e9-conceptionnelles<\/span><\/h4>\n<\/li>\n\n<li>\n<h4><span style=\"color: #ff917b;\">les consultations de suivi de grossesse<\/span><\/h4>\n<\/li>\n\n<li>\n<h4><span style=\"color: #ff917b;\">le suivi des grossesses pathologiques monitoring au cabinet ou \u00e0 domicile<\/span><\/h4>\n<\/li>\n\n<li>\n<h4><span style=\"color: #ff917b;\">l&#8217;entretien pr\u00e9natal pr\u00e9coce<\/span><\/h4>\n<\/li>\n\n<li>\n<h4><span style=\"color: #ff917b;\">yoga pr\u00e9natal et postnatal (B. De Gasquet)<\/span><\/h4>\n<\/li>\n\n<li>\n<h4><span style=\"color: #ff917b;\">les cours de pr\u00e9paration \u00e0 la naissance et \u00e0 la parentalit\u00e9 des couples<\/span><\/h4>\n<\/li>\n\n<li>\n<h4><span style=\"color: #ff917b;\">la m\u00e9thode Niromath\u00e9<\/span><\/h4>\n<\/li>\n<li>\n<h4><span style=\"color: #ff917b;\">PNL (Programmation Neuro-Linguistique)<\/span><\/h4>\n<\/li>\n\n<li>\n<h4><span style=\"color: #ff917b;\">le suivi \u00e0 domicile de la m\u00e8re et de l&#8217;enfant (Prado) \u00e0 la sortie de la maternit\u00e9<\/span><\/h4>\n<\/li>\n\n<li>\n<h4><span style=\"color: #ff917b;\">les consultations d&#8217;allaitement maternel et artificiel<\/span><\/h4>\n<\/li>\n<li>\n<h4><span style=\"color: #ff917b;\">pes\u00e9e de nouveaux-n\u00e9s<\/span><\/h4>\n<\/li>\n\n<li>\n<h4><span style=\"color: #ff917b;\">les consultations postnatales<\/span><\/h4>\n<\/li>\n\n<li>\n<h4><span style=\"color: #ff917b;\">la r\u00e9\u00e9ducation p\u00e9rin\u00e9ale<\/span><\/h4>\n<\/li>\n\n<li>\n<h4><span style=\"color: #ff917b;\">les consultations de contraception et de pr\u00e9vention des MST pour les jeunes filles \u00e0 partir de 15 ans<\/span><\/h4>\n<\/li>\n\n<li>\n<h4><span style=\"color: #ff917b;\">les consultations de contraception (st\u00e9rilet, implant, pilule, etc.)<\/span><\/h4>\n<\/li>\n\n<li>\n<h4><span style=\"color: #ff917b;\">les consultations de suivi gyn\u00e9cologique (frottis, d\u00e9pistage HPV)<\/span><\/h4>\n<h4><span style=\"color: #ff917b;\">\u00a0<\/span><\/h4>\n<\/li>\n<\/ul>\n\t\t\t\t\t\t\t\t<\/div>\n\t\t\t\t<\/div>\n\t\t\t\t\t<\/div>\n\t\t<\/div>\n\t\t\t\t\t<\/div>\n\t\t<\/section>\n\t\t\t\t<section class=\"elementor-section elementor-top-section elementor-element elementor-element-a40e078 elementor-section-boxed elementor-section-height-default elementor-section-height-default\" data-id=\"a40e078\" data-element_type=\"section\">\n\t\t\t\t\t\t<div class=\"elementor-container elementor-column-gap-default\">\n\t\t\t\t\t<div class=\"elementor-column elementor-col-100 elementor-top-column elementor-element elementor-element-e7cc748\" data-id=\"e7cc748\" data-element_type=\"column\">\n\t\t\t<div class=\"elementor-widget-wrap elementor-element-populated\">\n\t\t\t\t\t\t<div class=\"elementor-element elementor-element-cde13ba elementor-widget elementor-widget-image\" data-id=\"cde13ba\" data-element_type=\"widget\" data-widget_type=\"image.default\">\n\t\t\t\t<div class=\"elementor-widget-container\">\n\t\t\t\t\t\t\t\t\t\t\t\t\t\t\t<img fetchpriority=\"high\" decoding=\"async\" width=\"320\" height=\"214\" src=\"https:\/\/stephaniemoreira-sagefemme.fr\/wp-content\/uploads\/2023\/08\/precieuse.jpeg\" class=\"attachment-large size-large wp-image-198\" alt=\"\" srcset=\"https:\/\/stephaniemoreira-sagefemme.fr\/wp-content\/uploads\/2023\/08\/precieuse.jpeg 320w, https:\/\/stephaniemoreira-sagefemme.fr\/wp-content\/uploads\/2023\/08\/precieuse-300x201.jpeg 300w\" sizes=\"(max-width: 320px) 100vw, 320px\" \/>\t\t\t\t\t\t\t\t\t\t\t\t\t\t\t<\/div>\n\t\t\t\t<\/div>\n\t\t\t\t\t<\/div>\n\t\t<\/div>\n\t\t\t\t\t<\/div>\n\t\t<\/section>\n\t\t\t\t<\/div>\n\t\t","protected":false},"excerpt":{"rendered":"<p>\u00a0 D\u00e9sir d&#8217;enfant, pr\u00e9paration \u00e0 la naissance, retour de la maternit\u00e9, retour \u00e0 la contraception, suivi gyn\u00e9cologique&#8230; Votre sage-femme est votre interlocuteur privil\u00e9gi\u00e9 tout au long de votre vie de femme. Je vous accueille pour :<\/p>\n","protected":false},"author":1,"featured_media":0,"parent":0,"menu_order":0,"comment_status":"closed","ping_status":"closed","template":"","meta":{"footnotes":""},"class_list":["post-117","page","type-page","status-publish","hentry"],"_links":{"self":[{"href":"https:\/\/stephaniemoreira-sagefemme.fr\/index.php\/wp-json\/wp\/v2\/pages\/117","targetHints":{"allow":["GET"]}}],"collection":[{"href":"https:\/\/stephaniemoreira-sagefemme.fr\/index.php\/wp-json\/wp\/v2\/pages"}],"about":[{"href":"https:\/\/stephaniemoreira-sagefemme.fr\/index.php\/wp-json\/wp\/v2\/types\/page"}],"author":[{"embeddable":true,"href":"https:\/\/stephaniemoreira-sagefemme.fr\/index.php\/wp-json\/wp\/v2\/users\/1"}],"replies":[{"embeddable":true,"href":"https:\/\/stephaniemoreira-sagefemme.fr\/index.php\/wp-json\/wp\/v2\/comments?post=117"}],"version-history":[{"count":40,"href":"https:\/\/stephaniemoreira-sagefemme.fr\/index.php\/wp-json\/wp\/v2\/pages\/117\/revisions"}],"predecessor-version":[{"id":301,"href":"https:\/\/stephaniemoreira-sagefemme.fr\/index.php\/wp-json\/wp\/v2\/pages\/117\/revisions\/301"}],"wp:attachment":[{"href":"https:\/\/stephaniemoreira-sagefemme.fr\/index.php\/wp-json\/wp\/v2\/media?parent=117"}],"curies":[{"name":"wp","href":"https:\/\/api.w.org\/{rel}","templated":true}]}}