{"id":122,"date":"2023-08-18T19:56:00","date_gmt":"2023-08-18T17:56:00","guid":{"rendered":"https:\/\/stephaniemoreira-sagefemme.fr\/?page_id=122"},"modified":"2025-01-15T18:57:24","modified_gmt":"2025-01-15T17:57:24","slug":"situation","status":"publish","type":"page","link":"https:\/\/stephaniemoreira-sagefemme.fr\/index.php\/situation\/","title":{"rendered":"Situation"},"content":{"rendered":"\t\t<div data-elementor-type=\"wp-page\" data-elementor-id=\"122\" class=\"elementor elementor-122\">\n\t\t\t\t\t\t<section class=\"elementor-section elementor-top-section elementor-element elementor-element-2072b3d2 elementor-section-boxed elementor-section-height-default elementor-section-height-default\" data-id=\"2072b3d2\" data-element_type=\"section\">\n\t\t\t\t\t\t<div class=\"elementor-container elementor-column-gap-default\">\n\t\t\t\t\t<div class=\"elementor-column elementor-col-100 elementor-top-column elementor-element elementor-element-baddfd6\" data-id=\"baddfd6\" data-element_type=\"column\">\n\t\t\t<div class=\"elementor-widget-wrap\">\n\t\t\t\t\t\t\t<\/div>\n\t\t<\/div>\n\t\t\t\t\t<\/div>\n\t\t<\/section>\n\t\t\t\t<section class=\"elementor-section elementor-top-section elementor-element elementor-element-4ba9fe5 elementor-section-boxed elementor-section-height-default elementor-section-height-default\" data-id=\"4ba9fe5\" data-element_type=\"section\">\n\t\t\t\t\t\t<div class=\"elementor-container elementor-column-gap-default\">\n\t\t\t\t\t<div class=\"elementor-column elementor-col-100 elementor-top-column elementor-element elementor-element-0eb47d7\" data-id=\"0eb47d7\" data-element_type=\"column\">\n\t\t\t<div class=\"elementor-widget-wrap elementor-element-populated\">\n\t\t\t\t\t\t<div class=\"elementor-element elementor-element-62b09a8f elementor-widget__width-initial elementor-widget elementor-widget-text-editor\" data-id=\"62b09a8f\" data-element_type=\"widget\" data-widget_type=\"text-editor.default\">\n\t\t\t\t<div class=\"elementor-widget-container\">\n\t\t\t\t\t\t\t\t\t<p><\/p>\n<p><\/p>\n<p><\/p>\n<h2 class=\"wp-block-image size-large\"><img fetchpriority=\"high\" decoding=\"async\" width=\"1024\" height=\"858\" class=\"wp-image-125\" src=\"https:\/\/stephaniemoreira-sagefemme.fr\/wp-content\/uploads\/2023\/08\/Screenshot-2023-08-18-at-19-54-03-Google-Maps-1024x858.png\" alt=\"\" srcset=\"https:\/\/stephaniemoreira-sagefemme.fr\/wp-content\/uploads\/2023\/08\/Screenshot-2023-08-18-at-19-54-03-Google-Maps-1024x858.png 1024w, https:\/\/stephaniemoreira-sagefemme.fr\/wp-content\/uploads\/2023\/08\/Screenshot-2023-08-18-at-19-54-03-Google-Maps-300x251.png 300w, https:\/\/stephaniemoreira-sagefemme.fr\/wp-content\/uploads\/2023\/08\/Screenshot-2023-08-18-at-19-54-03-Google-Maps-768x644.png 768w, https:\/\/stephaniemoreira-sagefemme.fr\/wp-content\/uploads\/2023\/08\/Screenshot-2023-08-18-at-19-54-03-Google-Maps.png 1240w\" sizes=\"(max-width: 1024px) 100vw, 1024px\" \/><\/h2>\n<p><\/p>\t\t\t\t\t\t\t\t<\/div>\n\t\t\t\t<\/div>\n\t\t\t\t<div class=\"elementor-element elementor-element-1fef0a0 elementor-widget__width-initial elementor-widget elementor-widget-google_maps\" data-id=\"1fef0a0\" data-element_type=\"widget\" data-widget_type=\"google_maps.default\">\n\t\t\t\t<div class=\"elementor-widget-container\">\n\t\t\t\t\t\t\t<div class=\"elementor-custom-embed\">\n\t\t\t<iframe loading=\"lazy\"\n\t\t\t\t\tsrc=\"https:\/\/maps.google.com\/maps?q=stephanie%20moreira&#038;t=m&#038;z=14&#038;output=embed&#038;iwloc=near\"\n\t\t\t\t\ttitle=\"stephanie moreira\"\n\t\t\t\t\taria-label=\"stephanie moreira\"\n\t\t\t><\/iframe>\n\t\t<\/div>\n\t\t\t\t\t\t<\/div>\n\t\t\t\t<\/div>\n\t\t\t\t\t<\/div>\n\t\t<\/div>\n\t\t\t\t\t<\/div>\n\t\t<\/section>\n\t\t\t\t<section class=\"elementor-section elementor-top-section elementor-element elementor-element-9141b28 elementor-section-boxed elementor-section-height-default elementor-section-height-default\" data-id=\"9141b28\" data-element_type=\"section\">\n\t\t\t\t\t\t<div class=\"elementor-container elementor-column-gap-default\">\n\t\t\t\t\t<div class=\"elementor-column elementor-col-100 elementor-top-column elementor-element elementor-element-9deec67\" data-id=\"9deec67\" data-element_type=\"column\">\n\t\t\t<div class=\"elementor-widget-wrap elementor-element-populated\">\n\t\t\t\t\t\t<div class=\"elementor-element elementor-element-a31476d elementor-widget elementor-widget-text-editor\" data-id=\"a31476d\" data-element_type=\"widget\" data-widget_type=\"text-editor.default\">\n\t\t\t\t<div class=\"elementor-widget-container\">\n\t\t\t\t\t\t\t\t\t<h3 class=\"wp-block-heading\" style=\"text-align: center;\"><span style=\"color: #ff917b;\"><strong>St\u00e9phanie Moreira<\/strong><\/span><\/h3>\n<h3 class=\"wp-block-heading\" style=\"text-align: center;\"><span style=\"color: #ff917b;\"><strong>Sage-femme Dipl\u00f4m\u00e9e d&#8217;Etat<\/strong><\/span><\/h3>\n<h5 style=\"text-align: center;\"><span style=\"color: #ff917b;\">RPPS 10005019335<\/span><\/h5>\n<h5 style=\"text-align: center;\"><span style=\"color: #ff917b;\">Num\u00e9ro national: 24427<\/span><\/h5>\n<h3 class=\"wp-block-heading\" style=\"text-align: center;\"><span style=\"color: #ff917b;\">Professionnelle conventionn\u00e9e secteur 1<\/span><\/h3>\n<h3><span style=\"color: #ff917b;\"><!-- \/wp:heading --><!-- wp:heading {\"level\":4} --><\/span><\/h3>\n<h3>&nbsp;<\/h3>\n<h3 class=\"wp-block-heading\" style=\"text-align: left;\"><span style=\"color: #ff917b;\">Carte vitale accept\u00e9e<\/span><\/h3>\n<h3 class=\"wp-block-heading\" style=\"text-align: left;\"><span style=\"color: #ff917b;\">Tiers payant : s\u00e9curit\u00e9 sociale et mutuelle<\/span><\/h3>\n<h3><span style=\"color: #ff917b;\"><!-- \/wp:heading --><!-- wp:heading {\"level\":4} --><\/span><\/h3>\n<h3 class=\"wp-block-heading\" style=\"text-align: left;\"><span style=\"color: #ff917b;\">Tous paiements accept\u00e9s: ch\u00e8ques, esp\u00e8ces et carte bancaire<\/span><\/h3>\t\t\t\t\t\t\t\t<\/div>\n\t\t\t\t<\/div>\n\t\t\t\t\t<\/div>\n\t\t<\/div>\n\t\t\t\t\t<\/div>\n\t\t<\/section>\n\t\t\t\t<\/div>\n\t\t","protected":false},"excerpt":{"rendered":"<p>St\u00e9phanie Moreira Sage-femme Dipl\u00f4m\u00e9e d&#8217;Etat RPPS 10005019335 Num\u00e9ro national: 24427 Professionnelle conventionn\u00e9e secteur 1 &nbsp; Carte vitale accept\u00e9e Tiers payant : s\u00e9curit\u00e9 sociale et mutuelle Tous paiements accept\u00e9s: ch\u00e8ques, esp\u00e8ces et carte bancaire<\/p>\n","protected":false},"author":1,"featured_media":0,"parent":0,"menu_order":0,"comment_status":"closed","ping_status":"closed","template":"","meta":{"footnotes":""},"class_list":["post-122","page","type-page","status-publish","hentry"],"_links":{"self":[{"href":"https:\/\/stephaniemoreira-sagefemme.fr\/index.php\/wp-json\/wp\/v2\/pages\/122","targetHints":{"allow":["GET"]}}],"collection":[{"href":"https:\/\/stephaniemoreira-sagefemme.fr\/index.php\/wp-json\/wp\/v2\/pages"}],"about":[{"href":"https:\/\/stephaniemoreira-sagefemme.fr\/index.php\/wp-json\/wp\/v2\/types\/page"}],"author":[{"embeddable":true,"href":"https:\/\/stephaniemoreira-sagefemme.fr\/index.php\/wp-json\/wp\/v2\/users\/1"}],"replies":[{"embeddable":true,"href":"https:\/\/stephaniemoreira-sagefemme.fr\/index.php\/wp-json\/wp\/v2\/comments?post=122"}],"version-history":[{"count":24,"href":"https:\/\/stephaniemoreira-sagefemme.fr\/index.php\/wp-json\/wp\/v2\/pages\/122\/revisions"}],"predecessor-version":[{"id":383,"href":"https:\/\/stephaniemoreira-sagefemme.fr\/index.php\/wp-json\/wp\/v2\/pages\/122\/revisions\/383"}],"wp:attachment":[{"href":"https:\/\/stephaniemoreira-sagefemme.fr\/index.php\/wp-json\/wp\/v2\/media?parent=122"}],"curies":[{"name":"wp","href":"https:\/\/api.w.org\/{rel}","templated":true}]}}