{"id":306,"date":"2023-09-03T13:44:49","date_gmt":"2023-09-03T11:44:49","guid":{"rendered":"https:\/\/stephaniemoreira-sagefemme.fr\/?page_id=306"},"modified":"2023-09-03T13:54:41","modified_gmt":"2023-09-03T11:54:41","slug":"la-programmation-neuro-linguistique-pnl","status":"publish","type":"page","link":"https:\/\/stephaniemoreira-sagefemme.fr\/index.php\/la-programmation-neuro-linguistique-pnl\/","title":{"rendered":"La Programmation Neuro-Linguistique (PNL)"},"content":{"rendered":"\t\t<div data-elementor-type=\"wp-page\" data-elementor-id=\"306\" class=\"elementor elementor-306\">\n\t\t\t\t\t\t<section class=\"elementor-section elementor-top-section elementor-element elementor-element-1ec2bca elementor-section-boxed elementor-section-height-default elementor-section-height-default\" data-id=\"1ec2bca\" data-element_type=\"section\">\n\t\t\t\t\t\t<div class=\"elementor-container elementor-column-gap-default\">\n\t\t\t\t\t<div class=\"elementor-column elementor-col-100 elementor-top-column elementor-element elementor-element-cfd2029\" data-id=\"cfd2029\" data-element_type=\"column\">\n\t\t\t<div class=\"elementor-widget-wrap elementor-element-populated\">\n\t\t\t\t\t\t<div class=\"elementor-element elementor-element-fc3d9fc elementor-widget elementor-widget-text-editor\" data-id=\"fc3d9fc\" data-element_type=\"widget\" data-widget_type=\"text-editor.default\">\n\t\t\t\t<div class=\"elementor-widget-container\">\n\t\t\t\t\t\t\t\t\t<h4 class=\"cvGsUA direction-ltr align-start para-style-body\"><span class=\"OYPEnA text-decoration-none text-strikethrough-none\">La Programmation Neuro-Linguistique est une th\u00e9rapie br\u00e8ve qui regroupe un ensemble de techniques de communication et de transformation de soi. <\/span><\/h4><h4 class=\"cvGsUA direction-ltr align-start para-style-body\"><span class=\"OYPEnA text-decoration-none text-strikethrough-none\">En outre, il s&#8217;agit de plusieurs pratiques et connaissances rassembl\u00e9es et fond\u00e9es sur une d\u00e9marche de mod\u00e9lisation.<\/span><\/h4><h4 class=\"cvGsUA direction-ltr align-start para-style-body\"><span class=\"OYPEnA text-decoration-none text-strikethrough-none\">Lors de la pr\u00e9paration \u00e0 la naissance et \u00e0 la parentalit\u00e9, je vous offre une \u00e9coute empathie, centr\u00e9e sur vous et ce que vous souhaitez me partager \u00e0 l\u2019approche de la naissance de votre enfant. <\/span><\/h4><h4 class=\"cvGsUA direction-ltr align-start para-style-body\"><span class=\"OYPEnA text-decoration-none text-strikethrough-none\">C\u2019est l\u2019occasion de solliciter une ou des ressources internes, qui vous serons b\u00e9n\u00e9fiques pour vivre le chemin vers la naissance et accueillir votre enfant dans les meilleures conditions.<\/span><\/h4>\t\t\t\t\t\t\t\t<\/div>\n\t\t\t\t<\/div>\n\t\t\t\t\t<\/div>\n\t\t<\/div>\n\t\t\t\t\t<\/div>\n\t\t<\/section>\n\t\t\t\t<section class=\"elementor-section elementor-top-section elementor-element elementor-element-6fabcdc elementor-section-boxed elementor-section-height-default elementor-section-height-default\" data-id=\"6fabcdc\" data-element_type=\"section\">\n\t\t\t\t\t\t<div class=\"elementor-container elementor-column-gap-default\">\n\t\t\t\t\t<div class=\"elementor-column elementor-col-100 elementor-top-column elementor-element elementor-element-97e0ff8\" data-id=\"97e0ff8\" data-element_type=\"column\">\n\t\t\t<div class=\"elementor-widget-wrap elementor-element-populated\">\n\t\t\t\t\t\t\t<\/div>\n\t\t<\/div>\n\t\t\t\t\t<\/div>\n\t\t<\/section>\n\t\t\t\t<section class=\"elementor-section elementor-top-section elementor-element elementor-element-cf60d7f elementor-section-boxed elementor-section-height-default elementor-section-height-default\" data-id=\"cf60d7f\" data-element_type=\"section\">\n\t\t\t\t\t\t<div class=\"elementor-container elementor-column-gap-default\">\n\t\t\t\t\t<div class=\"elementor-column elementor-col-100 elementor-top-column elementor-element elementor-element-b84b472\" data-id=\"b84b472\" data-element_type=\"column\">\n\t\t\t<div class=\"elementor-widget-wrap elementor-element-populated\">\n\t\t\t\t\t\t<div class=\"elementor-element elementor-element-d983147 elementor-widget elementor-widget-image\" data-id=\"d983147\" data-element_type=\"widget\" data-widget_type=\"image.default\">\n\t\t\t\t<div class=\"elementor-widget-container\">\n\t\t\t\t\t\t\t\t\t\t\t\t\t\t\t<img fetchpriority=\"high\" decoding=\"async\" width=\"320\" height=\"214\" src=\"https:\/\/stephaniemoreira-sagefemme.fr\/wp-content\/uploads\/2023\/09\/IMG_5894.jpeg\" class=\"attachment-large size-large wp-image-316\" alt=\"\" srcset=\"https:\/\/stephaniemoreira-sagefemme.fr\/wp-content\/uploads\/2023\/09\/IMG_5894.jpeg 320w, https:\/\/stephaniemoreira-sagefemme.fr\/wp-content\/uploads\/2023\/09\/IMG_5894-300x201.jpeg 300w\" sizes=\"(max-width: 320px) 100vw, 320px\" \/>\t\t\t\t\t\t\t\t\t\t\t\t\t\t\t<\/div>\n\t\t\t\t<\/div>\n\t\t\t\t\t<\/div>\n\t\t<\/div>\n\t\t\t\t\t<\/div>\n\t\t<\/section>\n\t\t\t\t<\/div>\n\t\t","protected":false},"excerpt":{"rendered":"<p>La Programmation Neuro-Linguistique est une th\u00e9rapie br\u00e8ve qui regroupe un ensemble de techniques de communication et de transformation de soi. En outre, il s&#8217;agit de plusieurs pratiques et connaissances rassembl\u00e9es et fond\u00e9es sur une d\u00e9marche de mod\u00e9lisation. Lors de la pr\u00e9paration \u00e0 la naissance et \u00e0 la parentalit\u00e9, je vous offre une \u00e9coute empathie, centr\u00e9e [&hellip;]<\/p>\n","protected":false},"author":1,"featured_media":0,"parent":0,"menu_order":0,"comment_status":"closed","ping_status":"closed","template":"","meta":{"footnotes":""},"class_list":["post-306","page","type-page","status-publish","hentry"],"_links":{"self":[{"href":"https:\/\/stephaniemoreira-sagefemme.fr\/index.php\/wp-json\/wp\/v2\/pages\/306","targetHints":{"allow":["GET"]}}],"collection":[{"href":"https:\/\/stephaniemoreira-sagefemme.fr\/index.php\/wp-json\/wp\/v2\/pages"}],"about":[{"href":"https:\/\/stephaniemoreira-sagefemme.fr\/index.php\/wp-json\/wp\/v2\/types\/page"}],"author":[{"embeddable":true,"href":"https:\/\/stephaniemoreira-sagefemme.fr\/index.php\/wp-json\/wp\/v2\/users\/1"}],"replies":[{"embeddable":true,"href":"https:\/\/stephaniemoreira-sagefemme.fr\/index.php\/wp-json\/wp\/v2\/comments?post=306"}],"version-history":[{"count":10,"href":"https:\/\/stephaniemoreira-sagefemme.fr\/index.php\/wp-json\/wp\/v2\/pages\/306\/revisions"}],"predecessor-version":[{"id":319,"href":"https:\/\/stephaniemoreira-sagefemme.fr\/index.php\/wp-json\/wp\/v2\/pages\/306\/revisions\/319"}],"wp:attachment":[{"href":"https:\/\/stephaniemoreira-sagefemme.fr\/index.php\/wp-json\/wp\/v2\/media?parent=306"}],"curies":[{"name":"wp","href":"https:\/\/api.w.org\/{rel}","templated":true}]}}