{"id":419,"date":"2025-01-15T19:28:30","date_gmt":"2025-01-15T18:28:30","guid":{"rendered":"https:\/\/stephaniemoreira-sagefemme.fr\/?page_id=419"},"modified":"2025-01-21T17:16:31","modified_gmt":"2025-01-21T16:16:31","slug":"qui-suis-je-2","status":"publish","type":"page","link":"https:\/\/stephaniemoreira-sagefemme.fr\/index.php\/qui-suis-je-2\/","title":{"rendered":"Qui suis-je?"},"content":{"rendered":"\t\t<div data-elementor-type=\"wp-page\" data-elementor-id=\"419\" class=\"elementor elementor-419\">\n\t\t\t\t\t\t<section class=\"elementor-section elementor-top-section elementor-element elementor-element-160dc8c8 elementor-section-boxed elementor-section-height-default elementor-section-height-default\" data-id=\"160dc8c8\" data-element_type=\"section\">\n\t\t\t\t\t\t<div class=\"elementor-container elementor-column-gap-default\">\n\t\t\t\t\t<div class=\"elementor-column elementor-col-100 elementor-top-column elementor-element elementor-element-511ccae3\" data-id=\"511ccae3\" data-element_type=\"column\">\n\t\t\t<div class=\"elementor-widget-wrap elementor-element-populated\">\n\t\t\t\t\t\t<div class=\"elementor-element elementor-element-5bc4ad94 elementor-widget elementor-widget-text-editor\" data-id=\"5bc4ad94\" data-element_type=\"widget\" data-widget_type=\"text-editor.default\">\n\t\t\t\t<div class=\"elementor-widget-container\">\n\t\t\t\t\t\t\t\t\t\n<figure class=\"wp-block-image aligncenter\"><img fetchpriority=\"high\" decoding=\"async\" class=\"alignnone size-medium wp-image-438\" src=\"http:\/\/stephaniemoreira-sagefemme.fr\/wp-content\/uploads\/2025\/01\/C8837F52-EA97-4363-A625-50D6608B4D78-300x241.jpg\" alt=\"\" width=\"300\" height=\"241\" srcset=\"https:\/\/stephaniemoreira-sagefemme.fr\/wp-content\/uploads\/2025\/01\/C8837F52-EA97-4363-A625-50D6608B4D78-300x241.jpg 300w, https:\/\/stephaniemoreira-sagefemme.fr\/wp-content\/uploads\/2025\/01\/C8837F52-EA97-4363-A625-50D6608B4D78-1024x823.jpg 1024w, https:\/\/stephaniemoreira-sagefemme.fr\/wp-content\/uploads\/2025\/01\/C8837F52-EA97-4363-A625-50D6608B4D78-768x617.jpg 768w, https:\/\/stephaniemoreira-sagefemme.fr\/wp-content\/uploads\/2025\/01\/C8837F52-EA97-4363-A625-50D6608B4D78.jpg 1280w\" sizes=\"(max-width: 300px) 100vw, 300px\" \/><\/figure>\n\n<h3 class=\"wp-block-heading\">\u00a0<\/h3>\n\n<h5 class=\"wp-block-heading\">Dipl\u00f4m\u00e9e d\u2019Etat du CHU de Poitiers en 2004, j\u2019ai travaill\u00e9 dans diff\u00e9rentes structures hospitali\u00e8res.<\/h5>\n\n<h5 class=\"wp-block-heading\">\u00a0<\/h5>\n\n<h5 class=\"wp-block-heading\">Apr\u00e8s 6 ans au sein de l\u2019\u00e9quipe de la Maternit\u00e9 de La Rochelle, riche de mon exp\u00e9rience professionnelle et personnelle ( je suis maman de 3 enfants), je suis Sage-femme lib\u00e9rale depuis mai 2016.<\/h5>\n\n<h5 class=\"wp-block-heading\"><br \/>Aujourd\u2019hui, j\u2019ai le plaisir de vous accueillir, depuis Octobre 2021, dans ma maison, celle que j\u2019ai imagin\u00e9e depuis tant d\u2019ann\u00e9es, avec une merveilleuse \u00e9quipe que j\u2019ai constitu\u00e9 pour vous.<\/h5>\n\n<h5 class=\"wp-block-heading\">Je prends soin des femmes tout au long de leur vie et pour moi, il est essentiel que l\u2019humain soit au centre de nos pratiques avec bienveillance, comp\u00e9tence, accompagnement.<\/h5>\n\n<p>\u00a0<\/p>\n\t\t\t\t\t\t\t\t<\/div>\n\t\t\t\t<\/div>\n\t\t\t\t\t<\/div>\n\t\t<\/div>\n\t\t\t\t\t<\/div>\n\t\t<\/section>\n\t\t\t\t<\/div>\n\t\t","protected":false},"excerpt":{"rendered":"<p>\u00a0 Dipl\u00f4m\u00e9e d\u2019Etat du CHU de Poitiers en 2004, j\u2019ai travaill\u00e9 dans diff\u00e9rentes structures hospitali\u00e8res. \u00a0 Apr\u00e8s 6 ans au sein de l\u2019\u00e9quipe de la Maternit\u00e9 de La Rochelle, riche de mon exp\u00e9rience professionnelle et personnelle ( je suis maman de 3 enfants), je suis Sage-femme lib\u00e9rale depuis mai 2016. Aujourd\u2019hui, j\u2019ai le plaisir de [&hellip;]<\/p>\n","protected":false},"author":1,"featured_media":0,"parent":0,"menu_order":0,"comment_status":"closed","ping_status":"closed","template":"","meta":{"footnotes":""},"class_list":["post-419","page","type-page","status-publish","hentry"],"_links":{"self":[{"href":"https:\/\/stephaniemoreira-sagefemme.fr\/index.php\/wp-json\/wp\/v2\/pages\/419","targetHints":{"allow":["GET"]}}],"collection":[{"href":"https:\/\/stephaniemoreira-sagefemme.fr\/index.php\/wp-json\/wp\/v2\/pages"}],"about":[{"href":"https:\/\/stephaniemoreira-sagefemme.fr\/index.php\/wp-json\/wp\/v2\/types\/page"}],"author":[{"embeddable":true,"href":"https:\/\/stephaniemoreira-sagefemme.fr\/index.php\/wp-json\/wp\/v2\/users\/1"}],"replies":[{"embeddable":true,"href":"https:\/\/stephaniemoreira-sagefemme.fr\/index.php\/wp-json\/wp\/v2\/comments?post=419"}],"version-history":[{"count":7,"href":"https:\/\/stephaniemoreira-sagefemme.fr\/index.php\/wp-json\/wp\/v2\/pages\/419\/revisions"}],"predecessor-version":[{"id":441,"href":"https:\/\/stephaniemoreira-sagefemme.fr\/index.php\/wp-json\/wp\/v2\/pages\/419\/revisions\/441"}],"wp:attachment":[{"href":"https:\/\/stephaniemoreira-sagefemme.fr\/index.php\/wp-json\/wp\/v2\/media?parent=419"}],"curies":[{"name":"wp","href":"https:\/\/api.w.org\/{rel}","templated":true}]}}